{"id":11766,"date":"2016-04-08T11:27:41","date_gmt":"2016-04-08T09:27:41","guid":{"rendered":"https:\/\/www.ssp-apothekenvermittler.de\/zu-verkaufende-apotheken\/?page_id=11766"},"modified":"2020-01-09T15:40:58","modified_gmt":"2020-01-09T14:40:58","slug":"impressum","status":"publish","type":"page","link":"https:\/\/ssp-apothekenvermittler.de\/zu-verkaufende-apotheken\/impressum\/","title":{"rendered":"Impressum"},"content":{"rendered":"<h2>s.s.p. Wirtschaftsberatung f\u00fcr med. Heilberufe GmbH &amp; Co. KG<\/h2>\n<p>Adresse:<br \/>\nKohlenmarkt 2, 90762 F\u00fcrth<\/p>\n<p>Kommunikation:<br \/>\nFon 0911 \u2013 8 01 28 0<br \/>\nFax 0911 \u2013 8 01 28 99<br \/>\ninfo@ssp-online.de<\/p>\n<p>Eingetragen im:<br \/>\nHandelsregister F\u00fcrth HRA 7846, Steuernummer: 218\/174\/58405, Umsatzsteuer-Identifikationsnummer: DE225881425<\/p>\n<p>Gesch\u00e4ftsf\u00fchrung:date<br \/>\nJ\u00fcrgen Schlierf, Bernd Schubert, Harald Popp, Stefan Burr<\/p>\n<p>Komplement\u00e4r:<br \/>\ns.s.p. Verwaltungs- und Beteiligungsgesellschaft mbH, vertreten durch die Gesch\u00e4ftsf\u00fchrer J\u00fcrgen Schlierf, Bernd Schubert, Harald Popp, Stefan Burr<\/p>\n<p>T\u00e4tigkeit\/Status:<br \/>\nUnternehmensberatung\/Unternehmensvermittlung f\u00fcr Heilberufe<\/p>\n<h2>s.s.p. Verwaltungs- und Beteiligungsgesellschaft mbH<\/h2>\n<p>(Pers\u00f6nlich haftende Gesellschafterin)<\/p>\n<p>Gesetzlich vertreten durch die Gesch\u00e4ftsf\u00fchrer J\u00fcrgen Schlierf, Bernd Schubert, Harald Popp, Stefan Burr<\/p>\n<p>Adresse:<br \/>\nKohlenmarkt 2, 90762 F\u00fcrth<\/p>\n<p>Kommunikation:<br \/>\nFon 0911 \u2013 8 01 28 0<br \/>\nFax 0911 \u2013 8 01 28 99<br \/>\ninfo@ssp-online.de<\/p>\n<p>Eingetragen im:<br \/>\nHandelsregister F\u00fcrth HRB 9266, Steuernummer: 218\/137\/80140<\/p>\n<p>Beteiligungen:<br \/>\nEs bestehen keine direkten oder indirekten Beteiligungen an und von Versicherungsunternehmen oder deren Mutterunternehmen von mehr als 10 Prozent.<\/p>\n<p>Registrierungsnummer:<br \/>\nD-W-155-4HTM-14 (Immobiliardarlehensvermittler mit der Erlaubnis nach \u00a7 34i Abs. 1 Satz 1 Gewerbeordnung)<\/p>\n<p style=\"margin: 10.2pt 0cm 10.2pt 0cm;\">Zust\u00e4ndige Aufsichtsbeh\u00f6rde:<br \/>\nIHK f\u00fcr M\u00fcnchen und Oberbayern<br \/>\nMax-Joseph-Stra\u00dfe 2<br \/>\n80333 M\u00fcnchen<br \/>\n<a href=\"http:\/\/www.ihk-muenchen.de\/\">www.ihk-muenchen.de<\/a><\/p>\n<p>Gesetzliche Vertreter in der Hauptniederlassung mit Zust\u00e4ndigkeit f\u00fcr T\u00e4tigkeiten nach \u00a7 34i Absatz 1 Gewerbeordnung:<br \/>\n\u2013 Stefan Burr<br \/>\n\u2013 J\u00fcrgen Schlierf<br \/>\n\u2013 Harald Popp<\/p>\n<h2>Berufsrechtliche Regelungen:<\/h2>\n<p>\u00a7 34c Gewerbeordnung (GewO)<br \/>\n\u00a7 34i Gewerbeordnung (GewO)<\/p>\n<p>Die berufsrechtlichen Regelungen k\u00f6nnen \u00fcber die vom Bundesministerium der Justiz und von der juris GmbH betriebenen Homepage<a href=\"http:\/\/www.gesetze-im-internet.de\/\" target=\"_blank\" rel=\"noopener noreferrer\"> www.gesetze-im-internet.de<\/a> eingesehen und abgerufen werden.<\/p>\n<h2>Haftungsausschluss (Disclaimer)<\/h2>\n<p><strong>Haftung f\u00fcr Inhalte<\/strong><\/p>\n<p>Als Diensteanbieter sind wir gem\u00e4\u00df \u00a7 7 Abs.1 TMG f\u00fcr eigene Inhalte auf diesen Seiten nach den allgemeinen Gesetzen verantwortlich. Nach \u00a7\u00a7 8 bis 10 TMG sind wir als Diensteanbieter jedoch nicht verpflichtet, \u00fcbermittelte oder gespeicherte fremde Informationen zu \u00fcberwachen oder nach Umst\u00e4nden zu forschen, die auf eine rechtswidrige T\u00e4tigkeit hinweisen. Verpflichtungen zur Entfernung oder Sperrung der Nutzung von Informationen nach den allgemeinen Gesetzen bleiben hiervon unber\u00fchrt. Eine diesbez\u00fcgliche Haftung ist jedoch erst ab dem Zeitpunkt der Kenntnis einer konkreten Rechtsverletzung m\u00f6glich. Bei Bekanntwerden von entsprechenden Rechtsverletzungen werden wir diese Inhalte umgehend entfernen.<\/p>\n<p><strong>Haftung f\u00fcr Links<\/strong><\/p>\n<p>Unser Angebot enth\u00e4lt Links zu externen Webseiten Dritter, auf deren Inhalte wir keinen Einfluss haben. Deshalb k\u00f6nnen wir f\u00fcr diese fremden Inhalte auch keine Gew\u00e4hr \u00fcbernehmen. F\u00fcr die Inhalte der verlinkten Seiten ist stets der jeweilige Anbieter oder Betreiber der Seiten verantwortlich. Die verlinkten Seiten wurden zum Zeitpunkt der Verlinkung auf m\u00f6gliche Rechtsverst\u00f6\u00dfe \u00fcberpr\u00fcft. Rechtswidrige Inhalte waren zum Zeitpunkt der Verlinkung nicht erkennbar. Eine permanente inhaltliche Kontrolle der verlinkten Seiten ist jedoch ohne konkrete Anhaltspunkte einer Rechtsverletzung nicht zumutbar. Bei Bekanntwerden von Rechtsverletzungen werden wir derartige Links umgehend entfernen.<\/p>\n<p><strong>Urheberrecht<\/strong><\/p>\n<p>Die durch die Seitenbetreiber erstellten Inhalte und Werke auf diesen Seiten unterliegen dem deutschen Urheberrecht. Die Vervielf\u00e4ltigung, Bearbeitung, Verbreitung und jede Art der Verwertung au\u00dferhalb der Grenzen des Urheberrechtes bed\u00fcrfen der schriftlichen Zustimmung des jeweiligen Autors bzw. Erstellers. Downloads und Kopien dieser Seite sind nur f\u00fcr den privaten, nicht kommerziellen Gebrauch gestattet. Soweit die Inhalte auf dieser Seite nicht vom Betreiber erstellt wurden, werden die Urheberrechte Dritter beachtet. Insbesondere werden Inhalte Dritter als solche gekennzeichnet. Sollten Sie trotzdem auf eine Urheberrechtsverletzung aufmerksam werden, bitten wir um einen entsprechenden Hinweis. Bei Bekanntwerden von Rechtsverletzungen werden wir derartige Inhalte umgehend entfernen.<\/p>\n<h3>Bilder f\u00fcr Objekte:<\/h3>\n<p>Fotolia_73834463_Subscription_Monthly_XXL<br \/>\nFotolia_80430676_Subscription_Monthly_M<br \/>\nFotolia_81999213_Subscription_Monthly_XXL<br \/>\nFotolia_84194606_Subscription_Monthly_M<br \/>\nFotolia_91567489_Subscription_Monthly_XXL<br \/>\nFotolia_91567936_Subscription_Monthly_XXL<br \/>\nFotolia_91568410_Subscription_Monthly_XXL<br \/>\nFotolia_102810800_Subscription_Monthly_XXL<br \/>\nFotolia_103675444_Subscription_Monthly_XXL<br \/>\nFotolia_104566516_Subscription_Monthly_M<br \/>\nFotolia_104849172_Subscription_Monthly_XXL<br \/>\nFotolia_110173635_Subscription_Monthly_XXL<br \/>\nFotolia_110274235_Subscription_Monthly_XXL<br \/>\nFotolia_110274407_Subscription_Monthly_XXL<br \/>\nFotolia_110308710_Subscription_Monthly_XXL<br \/>\nFotolia_110309071_Subscription_Monthly_XXL<br \/>\nFotolia_110408455_Subscription_Monthly_XXL<br \/>\nFotolia_110408468_Subscription_Monthly_XXL<br \/>\nFotolia_110408504_Subscription_Monthly_XXL<br \/>\nFotolia_111774645_Subscription_Monthly_M<br \/>\nFotolia_122219711_Subscription_Monthly_XXL<br \/>\nFotolia_123212582_Subscription_Monthly_L<br \/>\nFotolia_124699334_Subscription_Monthly_XXL<br \/>\nFotolia_128206713_Subscription_Monthly_M<br \/>\nFotolia_129038929_Subscription_Monthly_M<br \/>\nFotolia_129181442_Subscription_Monthly_M<br \/>\nFotolia_129704552_Subscription_Monthly_M<br \/>\nFotolia_129871750_Subscription_Monthly_XXL<br \/>\nFotolia_130136721_Subscription_Monthly_XXL<br \/>\nFotolia_130415411_Subscription_Monthly_XL<br \/>\nFotolia_130525663_Subscription_Monthly_XL<br \/>\nFotolia_131119074_Subscription_Monthly_XXL<br \/>\nFotolia_131120008_Subscription_Monthly_XXL<br \/>\nFotolia_131237828_Subscription_Monthly_XXL<br \/>\nshutterstock_111124853<br \/>\nshutterstock_176977520<br \/>\nshutterstock_259018313<br \/>\nshutterstock_296921825<br \/>\nshutterstock_318062465<br \/>\nshutterstock_341158673<br \/>\nshutterstock_395182663<br \/>\nshutterstock_407951575<br \/>\nshutterstock_418237474<br \/>\nshutterstock_418828501<br \/>\nshutterstock_493063282<br \/>\nshutterstock_516700780<br \/>\nshutterstock_540567361<\/p>\n<p>&nbsp;<\/p>\n<p>Quelle: <a href=\"http:\/\/www.e-recht24.de\/\" target=\"_blank\" rel=\"noopener noreferrer\">e-recht24<\/a><\/p>\n","protected":false},"excerpt":{"rendered":"<p>s.s.p. Wirtschaftsberatung f\u00fcr med. Heilberufe GmbH &amp; Co. KG Adresse: Kohlenmarkt 2, 90762 F\u00fcrth Kommunikation: Fon 0911 \u2013 8 01 28 0 Fax 0911 \u2013 8 01 28 99 info@ssp-online.de Eingetragen im: Handelsregister F\u00fcrth HRA 7846, Steuernummer: 218\/174\/58405, Umsatzsteuer-Identifikationsnummer: DE225881425 Gesch\u00e4ftsf\u00fchrung:date J\u00fcrgen Schlierf, Bernd Schubert, Harald Popp, Stefan Burr Komplement\u00e4r: s.s.p. Verwaltungs- und Beteiligungsgesellschaft mbH, [&hellip;]<\/p>\n","protected":false},"author":38,"featured_media":0,"parent":0,"menu_order":0,"comment_status":"closed","ping_status":"closed","template":"","meta":{"_monsterinsights_skip_tracking":false,"_monsterinsights_sitenote_active":false,"_monsterinsights_sitenote_note":"","_monsterinsights_sitenote_category":0,"footnotes":""},"class_list":["post-11766","page","type-page","status-publish","hentry"],"acf":[],"yoast_head":"<!-- This site is optimized with the Yoast SEO plugin v27.3 - https:\/\/yoast.com\/product\/yoast-seo-wordpress\/ -->\n<title>Impressum - s.s.p. ApothekenVermittler<\/title>\n<meta name=\"robots\" content=\"index, follow, max-snippet:-1, max-image-preview:large, max-video-preview:-1\" \/>\n<link rel=\"canonical\" href=\"https:\/\/ssp-apothekenvermittler.de\/zu-verkaufende-apotheken\/impressum\/\" \/>\n<meta property=\"og:locale\" content=\"de_DE\" \/>\n<meta property=\"og:type\" content=\"article\" \/>\n<meta property=\"og:title\" content=\"Apothekenangebot Impressum - s.s.p. ApothekenVermittler\" \/>\n<meta property=\"og:description\" content=\"Standort:  | Nettoumsatz: auf Anfrage | Rohertrag: auf Anfrage | Zeitpunkt:  | Kaufpreis: auf Anfrage | Betriebsergebnis: auf Anfrage\" \/>\n<meta property=\"og:url\" content=\"https:\/\/ssp-apothekenvermittler.de\/zu-verkaufende-apotheken\/impressum\/\" \/>\n<meta property=\"og:site_name\" content=\"s.s.p. ApothekenVermittler\" \/>\n<meta property=\"article:modified_time\" content=\"2020-01-09T14:40:58+00:00\" \/>\n<meta name=\"twitter:card\" content=\"summary_large_image\" \/>\n<meta name=\"twitter:title\" content=\"Apothekenangebot\" \/>\n<meta name=\"twitter:description\" content=\"Standort:  | Nettoumsatz: auf Anfrage | Rohertrag: auf Anfrage | Zeitpunkt:  | Kaufpreis: auf Anfrage | Betriebsergebnis: auf Anfrage\" \/>\n<meta name=\"twitter:label1\" content=\"Gesch\u00e4tzte Lesezeit\" \/>\n\t<meta name=\"twitter:data1\" content=\"3\u00a0Minuten\" \/>\n<script type=\"application\/ld+json\" class=\"yoast-schema-graph\">{\"@context\":\"https:\\\/\\\/schema.org\",\"@graph\":[{\"@type\":\"WebPage\",\"@id\":\"https:\\\/\\\/ssp-apothekenvermittler.de\\\/zu-verkaufende-apotheken\\\/impressum\\\/\",\"url\":\"https:\\\/\\\/ssp-apothekenvermittler.de\\\/zu-verkaufende-apotheken\\\/impressum\\\/\",\"name\":\"Impressum - s.s.p. ApothekenVermittler\",\"isPartOf\":{\"@id\":\"https:\\\/\\\/ssp-apothekenvermittler.de\\\/zu-verkaufende-apotheken\\\/#website\"},\"datePublished\":\"2016-04-08T09:27:41+00:00\",\"dateModified\":\"2020-01-09T14:40:58+00:00\",\"breadcrumb\":{\"@id\":\"https:\\\/\\\/ssp-apothekenvermittler.de\\\/zu-verkaufende-apotheken\\\/impressum\\\/#breadcrumb\"},\"inLanguage\":\"de\",\"potentialAction\":[{\"@type\":\"ReadAction\",\"target\":[\"https:\\\/\\\/ssp-apothekenvermittler.de\\\/zu-verkaufende-apotheken\\\/impressum\\\/\"]}]},{\"@type\":\"BreadcrumbList\",\"@id\":\"https:\\\/\\\/ssp-apothekenvermittler.de\\\/zu-verkaufende-apotheken\\\/impressum\\\/#breadcrumb\",\"itemListElement\":[{\"@type\":\"ListItem\",\"position\":1,\"name\":\"Home\",\"item\":\"https:\\\/\\\/ssp-apothekenvermittler.de\\\/zu-verkaufende-apotheken\\\/\"},{\"@type\":\"ListItem\",\"position\":2,\"name\":\"Impressum\"}]},{\"@type\":\"WebSite\",\"@id\":\"https:\\\/\\\/ssp-apothekenvermittler.de\\\/zu-verkaufende-apotheken\\\/#website\",\"url\":\"https:\\\/\\\/ssp-apothekenvermittler.de\\\/zu-verkaufende-apotheken\\\/\",\"name\":\"s.s.p. ApothekenVermittler\",\"description\":\"\",\"publisher\":{\"@id\":\"https:\\\/\\\/ssp-apothekenvermittler.de\\\/zu-verkaufende-apotheken\\\/#organization\"},\"potentialAction\":[{\"@type\":\"SearchAction\",\"target\":{\"@type\":\"EntryPoint\",\"urlTemplate\":\"https:\\\/\\\/ssp-apothekenvermittler.de\\\/zu-verkaufende-apotheken\\\/?s={search_term_string}\"},\"query-input\":{\"@type\":\"PropertyValueSpecification\",\"valueRequired\":true,\"valueName\":\"search_term_string\"}}],\"inLanguage\":\"de\"},{\"@type\":\"Organization\",\"@id\":\"https:\\\/\\\/ssp-apothekenvermittler.de\\\/zu-verkaufende-apotheken\\\/#organization\",\"name\":\"s.s.p. Wirtschaftsberatung f\u00fcr med. Heilberufe GmbH & Co. KG\",\"url\":\"https:\\\/\\\/ssp-apothekenvermittler.de\\\/zu-verkaufende-apotheken\\\/\",\"logo\":{\"@type\":\"ImageObject\",\"inLanguage\":\"de\",\"@id\":\"https:\\\/\\\/ssp-apothekenvermittler.de\\\/zu-verkaufende-apotheken\\\/#\\\/schema\\\/logo\\\/image\\\/\",\"url\":\"https:\\\/\\\/ssp-apothekenvermittler.de\\\/zu-verkaufende-apotheken\\\/wp-content\\\/uploads\\\/ssp-logo-apothekenvermittler-76@2x.png\",\"contentUrl\":\"https:\\\/\\\/ssp-apothekenvermittler.de\\\/zu-verkaufende-apotheken\\\/wp-content\\\/uploads\\\/ssp-logo-apothekenvermittler-76@2x.png\",\"width\":298,\"height\":152,\"caption\":\"s.s.p. Wirtschaftsberatung f\u00fcr med. Heilberufe GmbH & Co. KG\"},\"image\":{\"@id\":\"https:\\\/\\\/ssp-apothekenvermittler.de\\\/zu-verkaufende-apotheken\\\/#\\\/schema\\\/logo\\\/image\\\/\"}}]}<\/script>\n<!-- \/ Yoast SEO plugin. -->","yoast_head_json":{"title":"Impressum - s.s.p. ApothekenVermittler","robots":{"index":"index","follow":"follow","max-snippet":"max-snippet:-1","max-image-preview":"max-image-preview:large","max-video-preview":"max-video-preview:-1"},"canonical":"https:\/\/ssp-apothekenvermittler.de\/zu-verkaufende-apotheken\/impressum\/","og_locale":"de_DE","og_type":"article","og_title":"Apothekenangebot Impressum - s.s.p. ApothekenVermittler","og_description":"Standort:  | Nettoumsatz: auf Anfrage | Rohertrag: auf Anfrage | Zeitpunkt:  | Kaufpreis: auf Anfrage | Betriebsergebnis: auf Anfrage","og_url":"https:\/\/ssp-apothekenvermittler.de\/zu-verkaufende-apotheken\/impressum\/","og_site_name":"s.s.p. ApothekenVermittler","article_modified_time":"2020-01-09T14:40:58+00:00","twitter_card":"summary_large_image","twitter_title":"Apothekenangebot","twitter_description":"Standort:  | Nettoumsatz: auf Anfrage | Rohertrag: auf Anfrage | Zeitpunkt:  | Kaufpreis: auf Anfrage | Betriebsergebnis: auf Anfrage","twitter_misc":{"Gesch\u00e4tzte Lesezeit":"3\u00a0Minuten"},"schema":{"@context":"https:\/\/schema.org","@graph":[{"@type":"WebPage","@id":"https:\/\/ssp-apothekenvermittler.de\/zu-verkaufende-apotheken\/impressum\/","url":"https:\/\/ssp-apothekenvermittler.de\/zu-verkaufende-apotheken\/impressum\/","name":"Impressum - s.s.p. ApothekenVermittler","isPartOf":{"@id":"https:\/\/ssp-apothekenvermittler.de\/zu-verkaufende-apotheken\/#website"},"datePublished":"2016-04-08T09:27:41+00:00","dateModified":"2020-01-09T14:40:58+00:00","breadcrumb":{"@id":"https:\/\/ssp-apothekenvermittler.de\/zu-verkaufende-apotheken\/impressum\/#breadcrumb"},"inLanguage":"de","potentialAction":[{"@type":"ReadAction","target":["https:\/\/ssp-apothekenvermittler.de\/zu-verkaufende-apotheken\/impressum\/"]}]},{"@type":"BreadcrumbList","@id":"https:\/\/ssp-apothekenvermittler.de\/zu-verkaufende-apotheken\/impressum\/#breadcrumb","itemListElement":[{"@type":"ListItem","position":1,"name":"Home","item":"https:\/\/ssp-apothekenvermittler.de\/zu-verkaufende-apotheken\/"},{"@type":"ListItem","position":2,"name":"Impressum"}]},{"@type":"WebSite","@id":"https:\/\/ssp-apothekenvermittler.de\/zu-verkaufende-apotheken\/#website","url":"https:\/\/ssp-apothekenvermittler.de\/zu-verkaufende-apotheken\/","name":"s.s.p. ApothekenVermittler","description":"","publisher":{"@id":"https:\/\/ssp-apothekenvermittler.de\/zu-verkaufende-apotheken\/#organization"},"potentialAction":[{"@type":"SearchAction","target":{"@type":"EntryPoint","urlTemplate":"https:\/\/ssp-apothekenvermittler.de\/zu-verkaufende-apotheken\/?s={search_term_string}"},"query-input":{"@type":"PropertyValueSpecification","valueRequired":true,"valueName":"search_term_string"}}],"inLanguage":"de"},{"@type":"Organization","@id":"https:\/\/ssp-apothekenvermittler.de\/zu-verkaufende-apotheken\/#organization","name":"s.s.p. Wirtschaftsberatung f\u00fcr med. Heilberufe GmbH & Co. KG","url":"https:\/\/ssp-apothekenvermittler.de\/zu-verkaufende-apotheken\/","logo":{"@type":"ImageObject","inLanguage":"de","@id":"https:\/\/ssp-apothekenvermittler.de\/zu-verkaufende-apotheken\/#\/schema\/logo\/image\/","url":"https:\/\/ssp-apothekenvermittler.de\/zu-verkaufende-apotheken\/wp-content\/uploads\/ssp-logo-apothekenvermittler-76@2x.png","contentUrl":"https:\/\/ssp-apothekenvermittler.de\/zu-verkaufende-apotheken\/wp-content\/uploads\/ssp-logo-apothekenvermittler-76@2x.png","width":298,"height":152,"caption":"s.s.p. Wirtschaftsberatung f\u00fcr med. Heilberufe GmbH & Co. KG"},"image":{"@id":"https:\/\/ssp-apothekenvermittler.de\/zu-verkaufende-apotheken\/#\/schema\/logo\/image\/"}}]}},"_links":{"self":[{"href":"https:\/\/ssp-apothekenvermittler.de\/zu-verkaufende-apotheken\/wp-json\/wp\/v2\/pages\/11766","targetHints":{"allow":["GET"]}}],"collection":[{"href":"https:\/\/ssp-apothekenvermittler.de\/zu-verkaufende-apotheken\/wp-json\/wp\/v2\/pages"}],"about":[{"href":"https:\/\/ssp-apothekenvermittler.de\/zu-verkaufende-apotheken\/wp-json\/wp\/v2\/types\/page"}],"author":[{"embeddable":true,"href":"https:\/\/ssp-apothekenvermittler.de\/zu-verkaufende-apotheken\/wp-json\/wp\/v2\/users\/38"}],"replies":[{"embeddable":true,"href":"https:\/\/ssp-apothekenvermittler.de\/zu-verkaufende-apotheken\/wp-json\/wp\/v2\/comments?post=11766"}],"version-history":[{"count":3,"href":"https:\/\/ssp-apothekenvermittler.de\/zu-verkaufende-apotheken\/wp-json\/wp\/v2\/pages\/11766\/revisions"}],"predecessor-version":[{"id":16220,"href":"https:\/\/ssp-apothekenvermittler.de\/zu-verkaufende-apotheken\/wp-json\/wp\/v2\/pages\/11766\/revisions\/16220"}],"wp:attachment":[{"href":"https:\/\/ssp-apothekenvermittler.de\/zu-verkaufende-apotheken\/wp-json\/wp\/v2\/media?parent=11766"}],"curies":[{"name":"wp","href":"https:\/\/api.w.org\/{rel}","templated":true}]}}